{"id":300,"date":"2025-02-07T19:16:54","date_gmt":"2025-02-07T19:16:54","guid":{"rendered":"https:\/\/www.lesmassagesbleus.fr\/?page_id=300"},"modified":"2025-02-07T19:18:19","modified_gmt":"2025-02-07T19:18:19","slug":"mentions-legales","status":"publish","type":"page","link":"https:\/\/www.lesmassagesbleus.fr\/en\/mentions-legales\/","title":{"rendered":"Terms of use"},"content":{"rendered":"<p>[et_pb_section fb_built=\u00a0\u00bb1&Prime; admin_label=\u00a0\u00bbHeader\u00a0\u00bb _builder_version=\u00a0\u00bb4.27.4&Prime; background_image=\u00a0\u00bbhttps:\/\/www.lesmassagesbleus.fr\/wp-content\/uploads\/2025\/02\/fond-motifs-adapte-iphone.png\u00a0\u00bb background_size=\u00a0\u00bbcontain\u00a0\u00bb custom_padding=\u00a0\u00bb||0px|||\u00a0\u00bb background_last_edited=\u00a0\u00bbon|phone\u00a0\u00bb background_image_phone=\u00a0\u00bbhttps:\/\/www.lesmassagesbleus.fr\/wp-content\/uploads\/2025\/02\/fond-motifs-adapte-iphone-1.png\u00a0\u00bb background_enable_image_phone=\u00a0\u00bbon\u00a0\u00bb global_colors_info=\u00a0\u00bb{}\u00a0\u00bb][et_pb_row _builder_version=\u00a0\u00bb4.27.4&Prime; width_tablet=\u00a0\u00bb\u00a0\u00bb width_phone=\u00a0\u00bb88%\u00a0\u00bb width_last_edited=\u00a0\u00bbon|phone\u00a0\u00bb max_width_tablet=\u00a0\u00bb\u00a0\u00bb max_width_phone=\u00a0\u00bb90%\u00a0\u00bb max_width_last_edited=\u00a0\u00bbon|phone\u00a0\u00bb custom_padding=\u00a0\u00bb||20px||false|false\u00a0\u00bb global_colors_info=\u00a0\u00bb{}\u00a0\u00bb][et_pb_column type=\u00a0\u00bb4_4&Prime; _builder_version=\u00a0\u00bb4.16&Prime; custom_padding=\u00a0\u00bb||30px||false|false\u00a0\u00bb global_colors_info=\u00a0\u00bb{}\u00a0\u00bb][et_pb_text _builder_version=\u00a0\u00bb4.27.4&Prime; header_font=\u00a0\u00bbAbel||||||||\u00a0\u00bb header_font_size=\u00a0\u00bb82px\u00a0\u00bb header_letter_spacing=\u00a0\u00bb12px\u00a0\u00bb header_line_height=\u00a0\u00bb1.1em\u00a0\u00bb header_font_tablet=\u00a0\u00bbMuli|600|||||||\u00a0\u00bb header_font_phone=\u00a0\u00bbAbel|600|||||||\u00a0\u00bb header_font_last_edited=\u00a0\u00bbon|desktop\u00a0\u00bb header_font_size_tablet=\u00a0\u00bb44px\u00a0\u00bb header_font_size_phone=\u00a0\u00bb39px\u00a0\u00bb header_font_size_last_edited=\u00a0\u00bbon|phone\u00a0\u00bb header_letter_spacing_tablet=\u00a0\u00bb2px\u00a0\u00bb header_letter_spacing_phone=\u00a0\u00bb0px\u00a0\u00bb header_letter_spacing_last_edited=\u00a0\u00bbon|desktop\u00a0\u00bb header_text_shadow_style=\u00a0\u00bbpreset3&Prime; header_text_shadow_color=\u00a0\u00bb#ffffff\u00a0\u00bb locked=\u00a0\u00bboff\u00a0\u00bb global_colors_info=\u00a0\u00bb{}\u00a0\u00bb]<\/p>\n<h1>Mentions l\u00e9gales<\/h1>\n<p>[\/et_pb_text][et_pb_text _builder_version=\u00a0\u00bb4.27.4&Prime; _module_preset=\u00a0\u00bb_initial\u00a0\u00bb text_font=\u00a0\u00bbAbel||||||||\u00a0\u00bb text_font_size=\u00a0\u00bb22px\u00a0\u00bb link_text_color=\u00a0\u00bb#000000&Prime; custom_margin=\u00a0\u00bb||0px||false|false\u00a0\u00bb locked=\u00a0\u00bboff\u00a0\u00bb global_colors_info=\u00a0\u00bb{}\u00a0\u00bb]<\/p>\n<p><strong>\u00c9diteur du site<\/strong> :<\/p>\n<ul>\n<li>D\u00e9nomination : <strong>Les Massages Bleus<\/strong><\/li>\n<li>Forme juridique : Affaire personnelle commer\u00e7ant<\/li>\n<li>Dirigeant : <strong>Mme Laurie PICAUDE<\/strong><\/li>\n<li>SIREN : <strong>914 779 384<\/strong><\/li>\n<li>Code APE : <strong>9604Z \u2013 Entretien corporel<\/strong><\/li>\n<li>Date de cr\u00e9ation : <strong>26 ao\u00fbt 2022<\/strong><\/li>\n<li>Adresse : <em>228 rue Henri Bosco, R\u00e9sidence L\u2019Helios, B\u00e2timent E, 83600 Fr\u00e9jus, France<\/em><\/li>\n<li>T\u00e9l\u00e9phone : <a rel=\"noopener\"><span>07<\/span><span> 56<\/span><span> 86<\/span><span> 43<\/span><span> 70<\/span><\/a><\/li>\n<li>Email : <a rel=\"noopener\"><span>contact<\/span><span>@lesmassagesbleus<\/span><span>.fr<\/span><\/a><\/li>\n<li>Site web : <a rel=\"noopener\" target=\"_new\" href=\"https:\/\/www.lesmassagesbleus.fr\"><span>https<\/span><span>:\/\/www<\/span><span>.lesmassagesbleus<\/span><span>.fr<\/span><\/a><\/li>\n<\/ul>\n<p><strong>H\u00e9bergeur<\/strong> :<\/p>\n<ul>\n<li><strong>o2switch<\/strong><\/li>\n<li>Adresse : 222-224 Boulevard Gustave Flaubert, 63000 Clermont-Ferrand, France<\/li>\n<li>T\u00e9l\u00e9phone : 04 44 44 60 40<\/li>\n<li>Site web : <a rel=\"noopener\" target=\"_new\" href=\"https:\/\/www.o2switch.fr\"><span>https<\/span><span>:\/\/www<\/span><span>.o2switch<\/span><span>.fr<\/span><\/a><\/li>\n<\/ul>\n<p><strong>Directeur de la publication<\/strong> :<\/p>\n<ul>\n<li>Mme Laurie PICAUDE<\/li>\n<\/ul>\n<p><strong>Conception et r\u00e9alisation<\/strong> :<\/p>\n<ul>\n<li>Site r\u00e9alis\u00e9 sur WordPress avec Divi.<\/li>\n<\/ul>\n<h3>Propri\u00e9t\u00e9 intellectuelle<\/h3>\n<p>Les contenus, images, logos, textes et \u00e9l\u00e9ments graphiques pr\u00e9sents sur le site <a rel=\"noopener\" target=\"_new\" href=\"https:\/\/www.lesmassagesbleus.fr\"><span>lesmassagesbleus<\/span><span>.fr<\/span><\/a> sont prot\u00e9g\u00e9s par le droit de la propri\u00e9t\u00e9 intellectuelle. Toute reproduction, repr\u00e9sentation, modification, publication, adaptation de tout ou partie des \u00e9l\u00e9ments du site est interdite sans autorisation \u00e9crite pr\u00e9alable.<\/p>\n<h3>Limitations de responsabilit\u00e9<\/h3>\n<p>Les informations diffus\u00e9es sur le site <a rel=\"noopener\" target=\"_new\" href=\"https:\/\/www.lesmassagesbleus.fr\"><span>lesmassagesbleus<\/span><span>.fr<\/span><\/a> sont fournies \u00e0 titre indicatif. Les Massages Bleus s\u2019efforce de les maintenir \u00e0 jour et exactes, mais ne saurait \u00eatre tenue pour responsable d\u2019\u00e9ventuelles erreurs ou omissions.<\/p>\n<p>[\/et_pb_text][\/et_pb_column][\/et_pb_row][\/et_pb_section]<\/p>\n","protected":false},"excerpt":{"rendered":"<p>Mentions l\u00e9gales\u00c9diteur du site : D\u00e9nomination : Les Massages Bleus Forme juridique : Affaire personnelle commer\u00e7ant Dirigeant : Mme Laurie PICAUDE SIREN : 914 779 384 Code APE : 9604Z \u2013 Entretien corporel Date de cr\u00e9ation : 26 ao\u00fbt 2022 Adresse : 228 rue Henri Bosco, R\u00e9sidence L\u2019Helios, B\u00e2timent E, 83600 Fr\u00e9jus, France T\u00e9l\u00e9phone : [&hellip;]<\/p>\n","protected":false},"author":1,"featured_media":0,"parent":0,"menu_order":0,"comment_status":"closed","ping_status":"closed","template":"","meta":{"_seopress_robots_primary_cat":"","_seopress_titles_title":"Mentions L\u00e9gales | Les Massages Bleus \u2013 Massage C\u00f4te d\u2019Azur","_seopress_titles_desc":"Consultez les mentions l\u00e9gales du site Les Massages Bleus : informations l\u00e9gales, \u00e9diteur, h\u00e9bergeur et conditions d\u2019utilisation du site.","_seopress_robots_index":"","_et_pb_use_builder":"on","_et_pb_old_content":"","_et_gb_content_width":"","footnotes":""},"class_list":["post-300","page","type-page","status-publish","hentry"],"_links":{"self":[{"href":"https:\/\/www.lesmassagesbleus.fr\/en\/wp-json\/wp\/v2\/pages\/300","targetHints":{"allow":["GET"]}}],"collection":[{"href":"https:\/\/www.lesmassagesbleus.fr\/en\/wp-json\/wp\/v2\/pages"}],"about":[{"href":"https:\/\/www.lesmassagesbleus.fr\/en\/wp-json\/wp\/v2\/types\/page"}],"author":[{"embeddable":true,"href":"https:\/\/www.lesmassagesbleus.fr\/en\/wp-json\/wp\/v2\/users\/1"}],"replies":[{"embeddable":true,"href":"https:\/\/www.lesmassagesbleus.fr\/en\/wp-json\/wp\/v2\/comments?post=300"}],"version-history":[{"count":3,"href":"https:\/\/www.lesmassagesbleus.fr\/en\/wp-json\/wp\/v2\/pages\/300\/revisions"}],"predecessor-version":[{"id":305,"href":"https:\/\/www.lesmassagesbleus.fr\/en\/wp-json\/wp\/v2\/pages\/300\/revisions\/305"}],"wp:attachment":[{"href":"https:\/\/www.lesmassagesbleus.fr\/en\/wp-json\/wp\/v2\/media?parent=300"}],"curies":[{"name":"wp","href":"https:\/\/api.w.org\/{rel}","templated":true}]}}