{"id":295,"date":"2025-02-07T19:14:10","date_gmt":"2025-02-07T19:14:10","guid":{"rendered":"https:\/\/www.lesmassagesbleus.fr\/?page_id=295"},"modified":"2025-02-07T19:14:38","modified_gmt":"2025-02-07T19:14:38","slug":"politique-de-confidentialite","status":"publish","type":"page","link":"https:\/\/www.lesmassagesbleus.fr\/en\/politique-de-confidentialite\/","title":{"rendered":"Privacy policy"},"content":{"rendered":"<p>[et_pb_section fb_built=\u00a0\u00bb1&Prime; admin_label=\u00a0\u00bbHeader\u00a0\u00bb _builder_version=\u00a0\u00bb4.27.4&Prime; background_image=\u00a0\u00bbhttps:\/\/www.lesmassagesbleus.fr\/wp-content\/uploads\/2025\/02\/test-massage-fond-2-2.jpg\u00a0\u00bb background_size=\u00a0\u00bbcontain\u00a0\u00bb custom_padding=\u00a0\u00bb||0px|||\u00a0\u00bb background_last_edited=\u00a0\u00bbon|phone\u00a0\u00bb background_image_phone=\u00a0\u00bbhttps:\/\/www.lesmassagesbleus.fr\/wp-content\/uploads\/2025\/02\/fond-motifs-adapte-iphone-1.png\u00a0\u00bb background_enable_image_phone=\u00a0\u00bbon\u00a0\u00bb global_colors_info=\u00a0\u00bb{}\u00a0\u00bb theme_builder_area=\u00a0\u00bbpost_content\u00a0\u00bb][et_pb_row _builder_version=\u00a0\u00bb4.27.4&Prime; custom_padding=\u00a0\u00bb||20px||false|false\u00a0\u00bb hover_enabled=\u00a0\u00bb0&Prime; global_colors_info=\u00a0\u00bb{}\u00a0\u00bb theme_builder_area=\u00a0\u00bbpost_content\u00a0\u00bb sticky_enabled=\u00a0\u00bb0&Prime; width_last_edited=\u00a0\u00bbon|phone\u00a0\u00bb max_width_last_edited=\u00a0\u00bbon|phone\u00a0\u00bb width_phone=\u00a0\u00bb88%\u00a0\u00bb max_width_phone=\u00a0\u00bb90%\u00a0\u00bb][et_pb_column type=\u00a0\u00bb4_4&Prime; _builder_version=\u00a0\u00bb4.16&Prime; custom_padding=\u00a0\u00bb||30px||false|false\u00a0\u00bb global_colors_info=\u00a0\u00bb{}\u00a0\u00bb theme_builder_area=\u00a0\u00bbpost_content\u00a0\u00bb][et_pb_text _builder_version=\u00a0\u00bb4.27.4&Prime; header_font=\u00a0\u00bbAbel||||||||\u00a0\u00bb header_font_size=\u00a0\u00bb82px\u00a0\u00bb header_letter_spacing=\u00a0\u00bb12px\u00a0\u00bb header_line_height=\u00a0\u00bb1.1em\u00a0\u00bb hover_enabled=\u00a0\u00bb0&Prime; header_font_tablet=\u00a0\u00bbMuli|600|||||||\u00a0\u00bb header_font_phone=\u00a0\u00bbAbel|600|||||||\u00a0\u00bb header_font_last_edited=\u00a0\u00bbon|desktop\u00a0\u00bb header_font_size_tablet=\u00a0\u00bb44px\u00a0\u00bb header_font_size_phone=\u00a0\u00bb39px\u00a0\u00bb header_font_size_last_edited=\u00a0\u00bbon|phone\u00a0\u00bb header_letter_spacing_tablet=\u00a0\u00bb2px\u00a0\u00bb header_letter_spacing_phone=\u00a0\u00bb0px\u00a0\u00bb header_letter_spacing_last_edited=\u00a0\u00bbon|desktop\u00a0\u00bb header_text_shadow_style=\u00a0\u00bbpreset3&Prime; header_text_shadow_color=\u00a0\u00bb#ffffff\u00a0\u00bb locked=\u00a0\u00bboff\u00a0\u00bb global_colors_info=\u00a0\u00bb{}\u00a0\u00bb theme_builder_area=\u00a0\u00bbpost_content\u00a0\u00bb sticky_enabled=\u00a0\u00bb0&Prime;]<\/p>\n<h1>Politique de confidentialit\u00e9<\/h1>\n<p>[\/et_pb_text][et_pb_text _builder_version=\u00a0\u00bb4.27.4&Prime; _module_preset=\u00a0\u00bb_initial\u00a0\u00bb text_font=\u00a0\u00bbAbel||||||||\u00a0\u00bb text_font_size=\u00a0\u00bb22px\u00a0\u00bb link_text_color=\u00a0\u00bb#000000&Prime; custom_margin=\u00a0\u00bb||0px||false|false\u00a0\u00bb hover_enabled=\u00a0\u00bb0&Prime; locked=\u00a0\u00bboff\u00a0\u00bb global_colors_info=\u00a0\u00bb{}\u00a0\u00bb theme_builder_area=\u00a0\u00bbpost_content\u00a0\u00bb sticky_enabled=\u00a0\u00bb0&Prime;]<\/p>\n<h3>1. Collecte et utilisation des donn\u00e9es personnelles<\/h3>\n<p>Nous recueillons vos informations (nom, pr\u00e9nom, email, t\u00e9l\u00e9phone) via le formulaire de contact afin de pouvoir r\u00e9pondre \u00e0 vos demandes et prendre en compte vos r\u00e9servations. Les donn\u00e9es collect\u00e9es sont strictement confidentielles et ne sont ni vendues, ni \u00e9chang\u00e9es.<\/p>\n<h3>2. Base l\u00e9gale du traitement<\/h3>\n<p>Le traitement de vos donn\u00e9es personnelles repose sur :<\/p>\n<ul>\n<li>Votre consentement lors de l\u2019envoi d\u2019un formulaire de contact.<\/li>\n<li>L\u2019int\u00e9r\u00eat l\u00e9gitime de Les Massages Bleus pour la bonne gestion de la relation client.<\/li>\n<\/ul>\n<h3>3. Dur\u00e9e de conservation<\/h3>\n<p>Vos donn\u00e9es personnelles sont conserv\u00e9es pour la dur\u00e9e n\u00e9cessaire \u00e0 la gestion de la relation commerciale et au maximum 3 ans apr\u00e8s le dernier \u00e9change. Au-del\u00e0, elles sont effac\u00e9es ou anonymis\u00e9es.<\/p>\n<h3>4. Droits de l\u2019utilisateur<\/h3>\n<p>Conform\u00e9ment au R\u00e8glement G\u00e9n\u00e9ral sur la Protection des Donn\u00e9es (RGPD) et \u00e0 la loi Informatique et Libert\u00e9s, vous disposez de droits sur vos donn\u00e9es :<\/p>\n<ul>\n<li>Droit d\u2019acc\u00e8s, de rectification, d\u2019effacement<\/li>\n<li>Droit d\u2019opposition et de limitation du traitement<\/li>\n<li>Droit \u00e0 la portabilit\u00e9 des donn\u00e9es<\/li>\n<li>Droit d\u2019introduire une r\u00e9clamation aupr\u00e8s de la CNIL<\/li>\n<\/ul>\n<p>Pour exercer vos droits, vous pouvez nous contacter par email \u00e0 <a rel=\"noopener\"><span>contact<\/span><span>@lesmassagesbleus<\/span><span>.fr<\/span><\/a>.<\/p>\n<h3>5. Cookies<\/h3>\n<p>Nous utilisons des <strong>cookies<\/strong> pour :<\/p>\n<ul>\n<li>Assurer le bon fonctionnement du site (cookies de session).<\/li>\n<li>Mesurer l\u2019audience et analyser la navigation (Google Analytics ou autres outils).<\/li>\n<\/ul>\n<p>Vous pouvez \u00e0 tout moment d\u00e9sactiver les cookies en param\u00e9trant votre navigateur. Cependant, certaines fonctionnalit\u00e9s du site pourraient \u00eatre alt\u00e9r\u00e9es ou inaccessibles.<\/p>\n<h3>6. S\u00e9curit\u00e9 des donn\u00e9es<\/h3>\n<p>Nous mettons en \u0153uvre des mesures de s\u00e9curit\u00e9 techniques et organisationnelles pour prot\u00e9ger vos donn\u00e9es contre tout acc\u00e8s non autoris\u00e9, perte ou divulgation.<\/p>\n<h3>7. Contact<\/h3>\n<p>Pour toute question concernant la pr\u00e9sente politique de confidentialit\u00e9, vous pouvez nous contacter :<\/p>\n<ul>\n<li>Par email : <a rel=\"noopener\"><span>contact<\/span><span>@lesmassagesbleus<\/span><span>.fr<\/span><\/a><\/li>\n<li>Par t\u00e9l\u00e9phone : <a rel=\"noopener\"><span>07<\/span><span> 56<\/span><span> 86<\/span><span> 43<\/span><span> 70<\/span><\/a><\/li>\n<\/ul>\n<hr \/>\n<h2>8. GESTION DES COOKIES (si vous souhaitez une page d\u00e9di\u00e9e ou un paragraphe s\u00e9par\u00e9)<\/h2>\n<p><strong>Qu\u2019est-ce qu\u2019un cookie ?<\/strong><br \/>Un cookie est un petit fichier texte d\u00e9pos\u00e9 sur votre navigateur lors de la visite de certains sites web. Il permet de stocker des informations sur la navigation.<\/p>\n<p><strong>Types de cookies utilis\u00e9s<\/strong><\/p>\n<ul>\n<li><strong>Cookies n\u00e9cessaires<\/strong> : Indispensables au bon fonctionnement du site.<\/li>\n<li><strong>Cookies analytiques<\/strong> : Nous aident \u00e0 comprendre comment les utilisateurs interagissent avec le site.<\/li>\n<\/ul>\n<p>[\/et_pb_text][\/et_pb_column][\/et_pb_row][\/et_pb_section]<\/p>\n","protected":false},"excerpt":{"rendered":"<p>Politique de confidentialit\u00e91. Collecte et utilisation des donn\u00e9es personnelles Nous recueillons vos informations (nom, pr\u00e9nom, email, t\u00e9l\u00e9phone) via le formulaire de contact afin de pouvoir r\u00e9pondre \u00e0 vos demandes et prendre en compte vos r\u00e9servations. Les donn\u00e9es collect\u00e9es sont strictement confidentielles et ne sont ni vendues, ni \u00e9chang\u00e9es. 2. Base l\u00e9gale du traitement Le traitement [&hellip;]<\/p>\n","protected":false},"author":1,"featured_media":0,"parent":0,"menu_order":0,"comment_status":"closed","ping_status":"closed","template":"","meta":{"_seopress_robots_primary_cat":"","_seopress_titles_title":"Politique de Confidentialit\u00e9 | Les Massages Bleus \u2013 Donn\u00e9es & Cookies","_seopress_titles_desc":"D\u00e9couvrez comment nous prot\u00e9geons vos donn\u00e9es personnelles et votre vie priv\u00e9e sur Les Massages Bleus. Consultez notre politique de confidentialit\u00e9 et cookies.","_seopress_robots_index":"","_et_pb_use_builder":"on","_et_pb_old_content":"","_et_gb_content_width":"","footnotes":""},"class_list":["post-295","page","type-page","status-publish","hentry"],"_links":{"self":[{"href":"https:\/\/www.lesmassagesbleus.fr\/en\/wp-json\/wp\/v2\/pages\/295","targetHints":{"allow":["GET"]}}],"collection":[{"href":"https:\/\/www.lesmassagesbleus.fr\/en\/wp-json\/wp\/v2\/pages"}],"about":[{"href":"https:\/\/www.lesmassagesbleus.fr\/en\/wp-json\/wp\/v2\/types\/page"}],"author":[{"embeddable":true,"href":"https:\/\/www.lesmassagesbleus.fr\/en\/wp-json\/wp\/v2\/users\/1"}],"replies":[{"embeddable":true,"href":"https:\/\/www.lesmassagesbleus.fr\/en\/wp-json\/wp\/v2\/comments?post=295"}],"version-history":[{"count":2,"href":"https:\/\/www.lesmassagesbleus.fr\/en\/wp-json\/wp\/v2\/pages\/295\/revisions"}],"predecessor-version":[{"id":299,"href":"https:\/\/www.lesmassagesbleus.fr\/en\/wp-json\/wp\/v2\/pages\/295\/revisions\/299"}],"wp:attachment":[{"href":"https:\/\/www.lesmassagesbleus.fr\/en\/wp-json\/wp\/v2\/media?parent=295"}],"curies":[{"name":"wp","href":"https:\/\/api.w.org\/{rel}","templated":true}]}}